{"id":734,"date":"2022-03-16T13:23:34","date_gmt":"2022-03-16T13:23:34","guid":{"rendered":"https:\/\/www.produitsmurphco.com\/privacy-policy\/"},"modified":"2023-11-20T20:33:19","modified_gmt":"2023-11-20T20:33:19","slug":"privacy-policy","status":"publish","type":"page","link":"https:\/\/www.produitsmurphco.com\/en\/privacy-policy\/","title":{"rendered":"Privacy policy"},"content":{"rendered":"<p>[et_pb_section fb_built=&#8221;1&#8243; admin_label=&#8221;Hero&#8221; _builder_version=&#8221;4.17.0&#8243; use_background_color_gradient=&#8221;on&#8221; background_color_gradient_type=&#8221;circular&#8221; background_color_gradient_direction_radial=&#8221;top left&#8221; background_color_gradient_stops=&#8221;rgba(40,40,40,0.79) 0%|rgba(40,40,40,0.86) 100%&#8221; background_color_gradient_overlays_image=&#8221;on&#8221; background_color_gradient_start=&#8221;rgba(40,40,40,0.79)&#8221; background_color_gradient_end=&#8221;rgba(40,40,40,0.86)&#8221; background_image=&#8221;https:\/\/www.produitsmurphco.com\/wp-content\/uploads\/2023\/03\/deco-test.jpg&#8221; custom_margin=&#8221;||||false&#8221; custom_padding=&#8221;2vw||1vw||false|false&#8221; global_colors_info=&#8221;{}&#8221;][et_pb_row column_structure=&#8221;2_3,1_3&#8243; _builder_version=&#8221;4.16&#8243; global_colors_info=&#8221;{}&#8221;][et_pb_column type=&#8221;2_3&#8243; _builder_version=&#8221;4.16&#8243; custom_padding=&#8221;|||&#8221; global_colors_info=&#8221;{}&#8221; custom_padding__hover=&#8221;|||&#8221;][et_pb_text _builder_version=&#8221;4.17.0&#8243; _dynamic_attributes=&#8221;content&#8221; text_font=&#8221;|600|||||||&#8221; text_font_size=&#8221;48px&#8221; text_line_height=&#8221;1em&#8221; header_font=&#8221;Rubik|700|||||||&#8221; header_font_size=&#8221;64px&#8221; header_line_height=&#8221;1.1em&#8221; background_layout=&#8221;dark&#8221; max_width=&#8221;800px&#8221; custom_margin=&#8221;||0px||false|false&#8221; custom_padding=&#8221;|||16px&#8221; text_font_size_tablet=&#8221;14px&#8221; text_font_size_phone=&#8221;28px&#8221; text_font_size_last_edited=&#8221;on|phone&#8221; header_font_size_tablet=&#8221;44px&#8221; header_font_size_phone=&#8221;32px&#8221; header_font_size_last_edited=&#8221;on|phone&#8221; border_color_all=&#8221;#0F6D3B&#8221; border_width_left=&#8221;10px&#8221; global_colors_info=&#8221;{}&#8221;]@ET-DC@eyJkeW5hbWljIjp0cnVlLCJjb250ZW50IjoicG9zdF90aXRsZSIsInNldHRpbmdzIjp7ImJlZm9yZSI6IiIsImFmdGVyIjoiIn19@[\/et_pb_text][et_pb_text _builder_version=&#8221;4.16&#8243; text_font=&#8221;||||||||&#8221; text_font_size=&#8221;22px&#8221; text_line_height=&#8221;1.6em&#8221; header_font=&#8221;||||||||&#8221; background_layout=&#8221;dark&#8221; max_width=&#8221;800px&#8221; custom_margin=&#8221;|||&#8221; custom_padding=&#8221;20px||20px||true|false&#8221; text_font_size_tablet=&#8221;18px&#8221; text_font_size_phone=&#8221;&#8221; text_font_size_last_edited=&#8221;on|phone&#8221; global_colors_info=&#8221;{}&#8221;]Les Produits Murphco Lt\u00e9e, a guarantee of quality.[\/et_pb_text][\/et_pb_column][et_pb_column type=&#8221;1_3&#8243; _builder_version=&#8221;4.16&#8243; custom_padding=&#8221;|||&#8221; global_colors_info=&#8221;{}&#8221; custom_padding__hover=&#8221;|||&#8221;][\/et_pb_column][\/et_pb_row][\/et_pb_section][et_pb_section fb_built=&#8221;1&#8243; admin_label=&#8221;About&#8221; _builder_version=&#8221;4.16&#8243; global_colors_info=&#8221;{}&#8221;][et_pb_row _builder_version=&#8221;4.16&#8243; global_colors_info=&#8221;{}&#8221;][et_pb_column type=&#8221;4_4&#8243; _builder_version=&#8221;4.16&#8243; custom_padding=&#8221;|||&#8221; global_colors_info=&#8221;{}&#8221; custom_padding__hover=&#8221;|||&#8221;][et_pb_text _builder_version=&#8221;4.16&#8243; text_font=&#8221;||||||||&#8221; text_line_height=&#8221;1.8em&#8221; custom_padding=&#8221;|||&#8221; custom_padding_tablet=&#8221;|40px||40px||true&#8221; custom_padding_last_edited=&#8221;off|desktop&#8221; global_colors_info=&#8221;{}&#8221;]<\/p>\n<h2><strong>PRIVACY POLICY<br \/>\n<\/strong><\/h2>\n<h2><strong><span title=\"Google Adwords et Google Analytics&lt;\/p&gt;\n&lt;p&gt;\">Google Adwords and Google Analytics<\/span><\/strong><\/h2>\n<div class=\"node-content\">\n<div class=\"field field-name-body field-type-text-with-summary field-label-hidden view-mode-full\">\n<div class=\"field-items\">\n<div class=\"field-item even\">\n<p><span title=\"Nous utilisons le remarketing avec Google Analytics et\/ou Google Adwords pour faire la promotion de nos produits ou services en ligne.&lt;\/p&gt;\n&lt;p&gt;\">We use the Remarketing with Google Analytics and \/ or Google Adwords to promote our products or services online.<\/span><\/p>\n<p><span title=\"Des fournisseurs tiers, y compris Google, peuvent diffuser nos annonces sur des sites Web.&lt;\/p&gt;\n&lt;p&gt;\">Third party vendors, including Google, can broadcast our ads on websites.<\/span><\/p>\n<p><span title=\"Nous et des fournisseurs tiers, y compris Google, utilisons conjointement des cookies propri\u00e9taires (tels que le cookie Google Analytics) et des cookies tiers (tels que le cookie DoubleClick) pour obtenir des informations, optimiser et diffuser des annonces en fonction des visites effectu\u00e9es sur\">We and third party vendors, including Google, jointly use party cookies (such as Google Analytics cookie) and third party cookies (such as DoubleClick cookie) for information, optimize and serve ads based on visits to <\/span><span title=\"notre site par les internautes.&lt;\/p&gt;\n&lt;p&gt;\">our website by Internet users.<\/span><\/p>\n<p><span title=\"Les internautes peuvent d\u00e9sactiver l'utilisation des cookies par Google via la page &quot;Publicit\u00e9 et confidentialit\u00e9&quot;.\">Users can disable the use of cookies by Google via the &#8220;Advertising and Privacy&#8221;. <\/span><span title=\"Vous pouvez \u00e9galement d\u00e9sactiver l'utilisation des cookies par un fournisseur tiers sur la page de d\u00e9sactivation de Network Advertising Initiative.&lt;\/p&gt;\n&lt;p&gt;\">You can also disable the use of cookies by third supplier on disabling Network Advertising Initiative page.<\/span><\/p>\n<p><span title=\"Les internautes peuvent d\u00e9sactiver Google Analytics pour la publicit\u00e9 display et personnaliser les annonces diffus\u00e9es sur le R\u00e9seau Display de Google via la page Param\u00e8tres des annonces&lt;\/p&gt;\n&lt;p&gt;\">Users can disable Google Analytics to display advertising and customize the ads on the Google Display Network via the Settings page ads<\/span><\/p>\n<p><span title=\"Les internautes peuvent bloquer l'utilisation de leurs donn\u00e9es par les fichiers JavaScript de Google Analytics.\">Users can block the use of their data by Google Analytics JavaScript files. <\/span><span title=\"Plus d'information sur le Module compl\u00e9mentaire de navigateur pour la d\u00e9sactivation de Google Analytics.&lt;br \/&gt;\n\">More information on Browser Add-on for Google Analytics Opt. Facebook<\/span><\/p>\n<p><span title=\"Des tiers (Facebook) sont susceptibles d'utiliser des cookies, balises web et technologies similaires pour collecter ou recevoir des informations.\">Thirds (Facebook) may use cookies, web beacons and similar technologies to collect or receive information. <\/span><span title=\"Ces informations servent comme outils de mesure et pour diffuser de la publicit\u00e9 cibl\u00e9e.&lt;\/p&gt;\n&lt;p&gt;\">This information is used as measurement tools and to distribute targeted advertising.<\/span><\/p>\n<p><span title=\"Vous pouvez annuler la collecte de donn\u00e9es et son utilisation en visitant www.aboutads.info\/choices.&lt;br \/&gt;\n\">You can cancel the data collection and use by visiting <a href=\"http:\/\/www.aboutads.info\/choices\"><u><span style=\"color: #0066cc;\">www.aboutads.info\/choices<\/span><\/u><\/a>.<\/span><br \/>\n<span title=\"Autres&lt;\/p&gt;\n&lt;p&gt;\">Other<\/span><\/p>\n<p><span title=\"Nous pouvons de temps \u00e0 autre utiliser d'autres services afin d'optimiser, informer, analyser, cr\u00e9er des rapports et pr\u00e9senter des publicit\u00e9s en fonction des visites effectu\u00e9es sur notre site par les internautes.\">We may occasionally use other services to optimize, inform, analyze, create reports and present ads based on visits to our website by Internet users.<\/span><\/p>\n<\/div>\n<\/div>\n<\/div>\n<\/div>\n<p>&nbsp;[\/et_pb_text][et_pb_text _builder_version=&#8221;4.22.2&#8243; _module_preset=&#8221;default&#8221; hover_enabled=&#8221;0&#8243; sticky_enabled=&#8221;0&#8243;]<\/p>\n<h2>Access and Privacy Officer<\/h2>\n<p>Manon Savoie (514) 931-3850<\/p>\n<p>[\/et_pb_text][\/et_pb_column][\/et_pb_row][\/et_pb_section]<\/p>\n","protected":false},"excerpt":{"rendered":"<p>Les Produits Murphco Lt\u00e9e, a guarantee of quality.PRIVACY POLICY Google Adwords and Google Analytics We use the Remarketing with Google Analytics and \/ or Google Adwords to promote our products or services online. Third party vendors, including Google, can broadcast our ads on websites. We and third party vendors, including Google, jointly use party cookies [&hellip;]<\/p>\n","protected":false},"author":1,"featured_media":0,"parent":0,"menu_order":0,"comment_status":"closed","ping_status":"closed","template":"","meta":{"_et_pb_use_builder":"on","_et_pb_old_content":"","_et_gb_content_width":"","footnotes":""},"class_list":["post-734","page","type-page","status-publish","hentry"],"_links":{"self":[{"href":"https:\/\/www.produitsmurphco.com\/en\/wp-json\/wp\/v2\/pages\/734","targetHints":{"allow":["GET"]}}],"collection":[{"href":"https:\/\/www.produitsmurphco.com\/en\/wp-json\/wp\/v2\/pages"}],"about":[{"href":"https:\/\/www.produitsmurphco.com\/en\/wp-json\/wp\/v2\/types\/page"}],"author":[{"embeddable":true,"href":"https:\/\/www.produitsmurphco.com\/en\/wp-json\/wp\/v2\/users\/1"}],"replies":[{"embeddable":true,"href":"https:\/\/www.produitsmurphco.com\/en\/wp-json\/wp\/v2\/comments?post=734"}],"version-history":[{"count":12,"href":"https:\/\/www.produitsmurphco.com\/en\/wp-json\/wp\/v2\/pages\/734\/revisions"}],"predecessor-version":[{"id":1091,"href":"https:\/\/www.produitsmurphco.com\/en\/wp-json\/wp\/v2\/pages\/734\/revisions\/1091"}],"wp:attachment":[{"href":"https:\/\/www.produitsmurphco.com\/en\/wp-json\/wp\/v2\/media?parent=734"}],"curies":[{"name":"wp","href":"https:\/\/api.w.org\/{rel}","templated":true}]}}